{"id":7762,"date":"2023-01-17T09:47:05","date_gmt":"2023-01-17T09:47:05","guid":{"rendered":"https:\/\/www.gobbetto.com\/?post_type=product&#038;p=7762"},"modified":"2024-11-24T18:28:19","modified_gmt":"2024-11-24T17:28:19","slug":"gobbetto-i-cinquantanni-fifty-years","status":"publish","type":"product","link":"https:\/\/www.gobbetto.com\/e-shop\/bookstore\/gobbetto-i-cinquantanni-fifty-years","title":{"rendered":"Gobbetto: i cinquant\u2019anni \/ fifty years"},"content":{"rendered":"<p>Un volume realizzato in occasione dei 50 anni di Gobbetto.<br \/>\r\nUna spettacolare raccolta iconografica che restituisce i toni vividi e le qualit\u00e0 tattili di un materiale dalle elevate prestazioni e dalle notevoli potenzialit\u00e0 estetiche, quale \u00e8 la resina. Il volume traccia un profilo completo di una realt\u00e0 aziendale in continua evoluzione, in cui la padronanza di tecnologie sofisticate si fonde con una tensione pioneristica verso la sperimentazione e l\u2019innovazione dando vita a una sorta di affascinante opera collettiva, frutto dell\u2019incontro e della collaborazione con i visionari e creativi di tutto il mondo.<br \/>\r\n<br \/>\r\nCopertina realizzata a mano con colature in resina.<\/p>","protected":false},"excerpt":{"rendered":"<p>Un volume realizzato in occasione dei 50 anni di Gobbetto. Una spettacolare raccolta iconografica che restituisce i toni vividi e le qualit\u00e0 tattili di un materiale dalle elevate prestazioni e dalle notevoli potenzialit\u00e0 estetiche, quale \u00e8 la resina. Il volume traccia un profilo completo di una realt\u00e0 aziendale in continua evoluzione, in cui la padronanza [&hellip;]<\/p>\n","protected":false},"featured_media":5191,"template":"","meta":{"_et_pb_use_builder":"","_et_pb_old_content":"","_et_gb_content_width":""},"product_brand":[],"product_cat":[48],"product_tag":[],"class_list":{"0":"post-7762","1":"product","2":"type-product","3":"status-publish","4":"has-post-thumbnail","6":"product_cat-bookstore","8":"first","9":"instock","10":"sale","11":"taxable","12":"shipping-taxable","13":"purchasable","14":"product-type-simple"},"yoast_head":"<!-- This site is optimized with the Yoast SEO plugin v25.0 - https:\/\/yoast.com\/wordpress\/plugins\/seo\/ -->\n<title>Gobbetto: i cinquant\u2019anni \/ fifty years - Gobbetto<\/title>\n<meta name=\"robots\" content=\"index, follow, max-snippet:-1, max-image-preview:large, max-video-preview:-1\" \/>\n<link rel=\"canonical\" href=\"https:\/\/www.gobbetto.com\/e-shop\/bookstore\/gobbetto-i-cinquantanni-fifty-years\" \/>\n<meta property=\"og:locale\" content=\"it_IT\" \/>\n<meta property=\"og:type\" content=\"article\" \/>\n<meta property=\"og:title\" content=\"Gobbetto: i cinquant\u2019anni \/ fifty years - Gobbetto\" \/>\n<meta property=\"og:description\" content=\"Un volume realizzato in occasione dei 50 anni di Gobbetto. Una spettacolare raccolta iconografica che restituisce i toni vividi e le qualit\u00e0 tattili di un materiale dalle elevate prestazioni e dalle notevoli potenzialit\u00e0 estetiche, quale \u00e8 la resina. Il volume traccia un profilo completo di una realt\u00e0 aziendale in continua evoluzione, in cui la padronanza [&hellip;]\" \/>\n<meta property=\"og:url\" content=\"https:\/\/www.gobbetto.com\/e-shop\/bookstore\/gobbetto-i-cinquantanni-fifty-years\" \/>\n<meta property=\"og:site_name\" content=\"Gobbetto\" \/>\n<meta property=\"article:publisher\" content=\"https:\/\/www.facebook.com\/gobbettoresine\" \/>\n<meta property=\"article:modified_time\" content=\"2024-11-24T17:28:19+00:00\" \/>\n<meta property=\"og:image\" content=\"https:\/\/www.gobbetto.com\/wp-content\/uploads\/2022\/10\/libro-01.jpg\" \/>\n\t<meta property=\"og:image:width\" content=\"700\" \/>\n\t<meta property=\"og:image:height\" content=\"700\" \/>\n\t<meta property=\"og:image:type\" content=\"image\/jpeg\" \/>\n<meta name=\"twitter:card\" content=\"summary_large_image\" \/>\n<meta name=\"twitter:label1\" content=\"Tempo di lettura stimato\" \/>\n\t<meta name=\"twitter:data1\" content=\"1 minuto\" \/>\n<script type=\"application\/ld+json\" class=\"yoast-schema-graph\">{\"@context\":\"https:\/\/schema.org\",\"@graph\":[{\"@type\":\"WebPage\",\"@id\":\"https:\/\/www.gobbetto.com\/e-shop\/bookstore\/gobbetto-i-cinquantanni-fifty-years\",\"url\":\"https:\/\/www.gobbetto.com\/e-shop\/bookstore\/gobbetto-i-cinquantanni-fifty-years\",\"name\":\"Gobbetto: i cinquant\u2019anni \/ fifty years - Gobbetto\",\"isPartOf\":{\"@id\":\"https:\/\/www.gobbetto.com\/#website\"},\"primaryImageOfPage\":{\"@id\":\"https:\/\/www.gobbetto.com\/e-shop\/bookstore\/gobbetto-i-cinquantanni-fifty-years#primaryimage\"},\"image\":{\"@id\":\"https:\/\/www.gobbetto.com\/e-shop\/bookstore\/gobbetto-i-cinquantanni-fifty-years#primaryimage\"},\"thumbnailUrl\":\"https:\/\/www.gobbetto.com\/wp-content\/uploads\/2022\/10\/libro-01.jpg\",\"datePublished\":\"2023-01-17T09:47:05+00:00\",\"dateModified\":\"2024-11-24T17:28:19+00:00\",\"breadcrumb\":{\"@id\":\"https:\/\/www.gobbetto.com\/e-shop\/bookstore\/gobbetto-i-cinquantanni-fifty-years#breadcrumb\"},\"inLanguage\":\"it-IT\",\"potentialAction\":[{\"@type\":\"ReadAction\",\"target\":[\"https:\/\/www.gobbetto.com\/e-shop\/bookstore\/gobbetto-i-cinquantanni-fifty-years\"]}]},{\"@type\":\"ImageObject\",\"inLanguage\":\"it-IT\",\"@id\":\"https:\/\/www.gobbetto.com\/e-shop\/bookstore\/gobbetto-i-cinquantanni-fifty-years#primaryimage\",\"url\":\"https:\/\/www.gobbetto.com\/wp-content\/uploads\/2022\/10\/libro-01.jpg\",\"contentUrl\":\"https:\/\/www.gobbetto.com\/wp-content\/uploads\/2022\/10\/libro-01.jpg\",\"width\":700,\"height\":700,\"caption\":\"Gobbetto: i cinquant' anni libro a cura di Fortunato D\u2019Amico Progetto grafico Italo Lupi\"},{\"@type\":\"BreadcrumbList\",\"@id\":\"https:\/\/www.gobbetto.com\/e-shop\/bookstore\/gobbetto-i-cinquantanni-fifty-years#breadcrumb\",\"itemListElement\":[{\"@type\":\"ListItem\",\"position\":1,\"name\":\"Home\",\"item\":\"https:\/\/www.gobbetto.com\/\"},{\"@type\":\"ListItem\",\"position\":2,\"name\":\"E-Shop\",\"item\":\"https:\/\/www.gobbetto.com\/e-shop\"},{\"@type\":\"ListItem\",\"position\":3,\"name\":\"Bookstore\",\"item\":\"https:\/\/www.gobbetto.com\/?product_cat=bookstore\"},{\"@type\":\"ListItem\",\"position\":4,\"name\":\"Gobbetto: i cinquant\u2019anni \/ fifty years\"}]},{\"@type\":\"WebSite\",\"@id\":\"https:\/\/www.gobbetto.com\/#website\",\"url\":\"https:\/\/www.gobbetto.com\/\",\"name\":\"Gobbetto\",\"description\":\"Pavimenti e rivestimenti in resina\",\"publisher\":{\"@id\":\"https:\/\/www.gobbetto.com\/#organization\"},\"potentialAction\":[{\"@type\":\"SearchAction\",\"target\":{\"@type\":\"EntryPoint\",\"urlTemplate\":\"https:\/\/www.gobbetto.com\/?s={search_term_string}\"},\"query-input\":{\"@type\":\"PropertyValueSpecification\",\"valueRequired\":true,\"valueName\":\"search_term_string\"}}],\"inLanguage\":\"it-IT\"},{\"@type\":\"Organization\",\"@id\":\"https:\/\/www.gobbetto.com\/#organization\",\"name\":\"Gobbetto Srl\",\"url\":\"https:\/\/www.gobbetto.com\/\",\"logo\":{\"@type\":\"ImageObject\",\"inLanguage\":\"it-IT\",\"@id\":\"https:\/\/www.gobbetto.com\/#\/schema\/logo\/image\/\",\"url\":\"https:\/\/www.gobbetto.com\/wp-content\/uploads\/2023\/02\/cropped-favicon-gobbetto-cut.png\",\"contentUrl\":\"https:\/\/www.gobbetto.com\/wp-content\/uploads\/2023\/02\/cropped-favicon-gobbetto-cut.png\",\"width\":512,\"height\":512,\"caption\":\"Gobbetto Srl\"},\"image\":{\"@id\":\"https:\/\/www.gobbetto.com\/#\/schema\/logo\/image\/\"},\"sameAs\":[\"https:\/\/www.facebook.com\/gobbettoresine\",\"https:\/\/www.instagram.com\/gobbettoresine\/\",\"https:\/\/www.youtube.com\/user\/ResinaGobbetto\"]}]}<\/script>\n<!-- \/ Yoast SEO plugin. -->","yoast_head_json":{"title":"Gobbetto: i cinquant\u2019anni \/ fifty years - Gobbetto","robots":{"index":"index","follow":"follow","max-snippet":"max-snippet:-1","max-image-preview":"max-image-preview:large","max-video-preview":"max-video-preview:-1"},"canonical":"https:\/\/www.gobbetto.com\/e-shop\/bookstore\/gobbetto-i-cinquantanni-fifty-years","og_locale":"it_IT","og_type":"article","og_title":"Gobbetto: i cinquant\u2019anni \/ fifty years - Gobbetto","og_description":"Un volume realizzato in occasione dei 50 anni di Gobbetto. Una spettacolare raccolta iconografica che restituisce i toni vividi e le qualit\u00e0 tattili di un materiale dalle elevate prestazioni e dalle notevoli potenzialit\u00e0 estetiche, quale \u00e8 la resina. Il volume traccia un profilo completo di una realt\u00e0 aziendale in continua evoluzione, in cui la padronanza [&hellip;]","og_url":"https:\/\/www.gobbetto.com\/e-shop\/bookstore\/gobbetto-i-cinquantanni-fifty-years","og_site_name":"Gobbetto","article_publisher":"https:\/\/www.facebook.com\/gobbettoresine","article_modified_time":"2024-11-24T17:28:19+00:00","og_image":[{"width":700,"height":700,"url":"https:\/\/www.gobbetto.com\/wp-content\/uploads\/2022\/10\/libro-01.jpg","type":"image\/jpeg"}],"twitter_card":"summary_large_image","twitter_misc":{"Tempo di lettura stimato":"1 minuto"},"schema":{"@context":"https:\/\/schema.org","@graph":[{"@type":"WebPage","@id":"https:\/\/www.gobbetto.com\/e-shop\/bookstore\/gobbetto-i-cinquantanni-fifty-years","url":"https:\/\/www.gobbetto.com\/e-shop\/bookstore\/gobbetto-i-cinquantanni-fifty-years","name":"Gobbetto: i cinquant\u2019anni \/ fifty years - Gobbetto","isPartOf":{"@id":"https:\/\/www.gobbetto.com\/#website"},"primaryImageOfPage":{"@id":"https:\/\/www.gobbetto.com\/e-shop\/bookstore\/gobbetto-i-cinquantanni-fifty-years#primaryimage"},"image":{"@id":"https:\/\/www.gobbetto.com\/e-shop\/bookstore\/gobbetto-i-cinquantanni-fifty-years#primaryimage"},"thumbnailUrl":"https:\/\/www.gobbetto.com\/wp-content\/uploads\/2022\/10\/libro-01.jpg","datePublished":"2023-01-17T09:47:05+00:00","dateModified":"2024-11-24T17:28:19+00:00","breadcrumb":{"@id":"https:\/\/www.gobbetto.com\/e-shop\/bookstore\/gobbetto-i-cinquantanni-fifty-years#breadcrumb"},"inLanguage":"it-IT","potentialAction":[{"@type":"ReadAction","target":["https:\/\/www.gobbetto.com\/e-shop\/bookstore\/gobbetto-i-cinquantanni-fifty-years"]}]},{"@type":"ImageObject","inLanguage":"it-IT","@id":"https:\/\/www.gobbetto.com\/e-shop\/bookstore\/gobbetto-i-cinquantanni-fifty-years#primaryimage","url":"https:\/\/www.gobbetto.com\/wp-content\/uploads\/2022\/10\/libro-01.jpg","contentUrl":"https:\/\/www.gobbetto.com\/wp-content\/uploads\/2022\/10\/libro-01.jpg","width":700,"height":700,"caption":"Gobbetto: i cinquant' anni libro a cura di Fortunato D\u2019Amico Progetto grafico Italo Lupi"},{"@type":"BreadcrumbList","@id":"https:\/\/www.gobbetto.com\/e-shop\/bookstore\/gobbetto-i-cinquantanni-fifty-years#breadcrumb","itemListElement":[{"@type":"ListItem","position":1,"name":"Home","item":"https:\/\/www.gobbetto.com\/"},{"@type":"ListItem","position":2,"name":"E-Shop","item":"https:\/\/www.gobbetto.com\/e-shop"},{"@type":"ListItem","position":3,"name":"Bookstore","item":"https:\/\/www.gobbetto.com\/?product_cat=bookstore"},{"@type":"ListItem","position":4,"name":"Gobbetto: i cinquant\u2019anni \/ fifty years"}]},{"@type":"WebSite","@id":"https:\/\/www.gobbetto.com\/#website","url":"https:\/\/www.gobbetto.com\/","name":"Gobbetto","description":"Pavimenti e rivestimenti in resina","publisher":{"@id":"https:\/\/www.gobbetto.com\/#organization"},"potentialAction":[{"@type":"SearchAction","target":{"@type":"EntryPoint","urlTemplate":"https:\/\/www.gobbetto.com\/?s={search_term_string}"},"query-input":{"@type":"PropertyValueSpecification","valueRequired":true,"valueName":"search_term_string"}}],"inLanguage":"it-IT"},{"@type":"Organization","@id":"https:\/\/www.gobbetto.com\/#organization","name":"Gobbetto Srl","url":"https:\/\/www.gobbetto.com\/","logo":{"@type":"ImageObject","inLanguage":"it-IT","@id":"https:\/\/www.gobbetto.com\/#\/schema\/logo\/image\/","url":"https:\/\/www.gobbetto.com\/wp-content\/uploads\/2023\/02\/cropped-favicon-gobbetto-cut.png","contentUrl":"https:\/\/www.gobbetto.com\/wp-content\/uploads\/2023\/02\/cropped-favicon-gobbetto-cut.png","width":512,"height":512,"caption":"Gobbetto Srl"},"image":{"@id":"https:\/\/www.gobbetto.com\/#\/schema\/logo\/image\/"},"sameAs":["https:\/\/www.facebook.com\/gobbettoresine","https:\/\/www.instagram.com\/gobbettoresine\/","https:\/\/www.youtube.com\/user\/ResinaGobbetto"]}]}},"_links":{"self":[{"href":"https:\/\/www.gobbetto.com\/index.php?rest_route=\/wp\/v2\/product\/7762","targetHints":{"allow":["GET"]}}],"collection":[{"href":"https:\/\/www.gobbetto.com\/index.php?rest_route=\/wp\/v2\/product"}],"about":[{"href":"https:\/\/www.gobbetto.com\/index.php?rest_route=\/wp\/v2\/types\/product"}],"wp:featuredmedia":[{"embeddable":true,"href":"https:\/\/www.gobbetto.com\/index.php?rest_route=\/wp\/v2\/media\/5191"}],"wp:attachment":[{"href":"https:\/\/www.gobbetto.com\/index.php?rest_route=%2Fwp%2Fv2%2Fmedia&parent=7762"}],"wp:term":[{"taxonomy":"product_brand","embeddable":true,"href":"https:\/\/www.gobbetto.com\/index.php?rest_route=%2Fwp%2Fv2%2Fproduct_brand&post=7762"},{"taxonomy":"product_cat","embeddable":true,"href":"https:\/\/www.gobbetto.com\/index.php?rest_route=%2Fwp%2Fv2%2Fproduct_cat&post=7762"},{"taxonomy":"product_tag","embeddable":true,"href":"https:\/\/www.gobbetto.com\/index.php?rest_route=%2Fwp%2Fv2%2Fproduct_tag&post=7762"}],"curies":[{"name":"wp","href":"https:\/\/api.w.org\/{rel}","templated":true}]}}