{"id":7702,"date":"2023-01-17T03:02:58","date_gmt":"2023-01-17T03:02:58","guid":{"rendered":"https:\/\/www.gobbetto.com\/?post_type=product&#038;p=7702"},"modified":"2024-11-24T18:35:59","modified_gmt":"2024-11-24T17:35:59","slug":"corso-base-artistico-online","status":"publish","type":"product","link":"https:\/\/www.gobbetto.com\/e-shop\/corsi-gobbetto-academy\/corso-base-artistico-online","title":{"rendered":"Corso base artistico online"},"content":{"rendered":"<p>Un corso base rivolto a chiunque desideri approcciare la tecnica delle resinatura per la prima volta e voglia acquisire a livello tecnico e applicativo le basi delle resine vetrificate e delle relative preparazioni, nonch\u00e9 comprendere le infinite potenzialit\u00e0 di questo materiale.<\/p>\r\n<p>Il corso \u00e8 on demand ed \u00e8 modulato su una prima parte introduttiva teorica &#8211;\u00a0 storica e panoramica sui prodotti e relative caratteristiche tecniche &#8211; e una parte pratica spiegata ed illustrata da un Maestro che guider\u00e0 i partecipanti passo per passo nella sperimentazione delle diverse possibilit\u00e0 applicative. Con l\u2019acquisto del corso \u00e8 compreso il kit di resine \u201cfai da te\u201d.A fine corso, potrete inviare la foto del vostro campione per poter ricevere l\u2019attestato di frequenza Gobbetto.<br \/>\r\nIl corso base \u00e8 introduttivo a quello di livello successivo per posatori.<\/p>\r\n<p><strong>Programma del corso<\/strong><\/p>\r\n<p><strong>Sessione Teorica<\/strong><\/p>\r\n<ul>\r\n\t<li>Le tipologie di resine vetrificate autolivellanti<\/li>\r\n\t<li>Le resine e le relative applicazioni: contesti, supporti e applicazioni<\/li>\r\n\t<li>La descrizione dei materiali e i video dimostrativi<\/li>\r\n\t<li>I primer, gli stucchi per fondi e per texture, la resina vetrificata<\/li>\r\n\t<li>La preparazione dei fondi in Dibond, legno, cemento<\/li>\r\n\t<li>I cicli applicativi<\/li>\r\n\t<li>I colori compatibili<\/li>\r\n\t<li>Le polveri metalliche, madreperla, coloranti universali, concentrati<\/li>\r\n\t<li>Le attrezzature<\/li>\r\n<\/ul>\r\n<p><strong>Sessione Pratica<\/strong><\/p>\r\n<ul>\r\n\t<li>Video pratico per realizzazione finitura artistica su pannello 3&#215;1,5 mt: preparazione su pannello in Dibond; miscelazione e colorazione della resina.<\/li>\r\n\t<li>Applicazione finale con resine vetrificate colorate<br \/>\r\nVideo pratico per realizzazione finitura artistica blu, madreperla, argento e glitter: preparazione della resina e dei colori; applicazione resina su pannello in Dibond.<\/li>\r\n\t<li>Video pratico per realizzazione finitura mix champagne: preparazione della resina e dei colori; applicazione della resina su pannello in Dibond.<\/li>\r\n<\/ul>\r\n<p><strong>Materiali utilizzati:<\/strong><\/p>\r\n<p>Dega Primer<br \/>\r\nDega stucco<br \/>\r\nPoliepo 505 GC Extra<br \/>\r\nColori<br \/>\r\nPolveri<\/p>","protected":false},"excerpt":{"rendered":"<p>Un corso base rivolto a chiunque desideri approcciare la tecnica delle resinatura per la prima volta e voglia acquisire a livello tecnico e applicativo le basi delle resine vetrificate e delle relative preparazioni, nonch\u00e9 comprendere le infinite potenzialit\u00e0 di questo materiale. Il corso \u00e8 on demand ed \u00e8 modulato su una prima parte introduttiva teorica [&hellip;]<\/p>\n","protected":false},"featured_media":7721,"template":"","meta":{"_et_pb_use_builder":"","_et_pb_old_content":"","_et_gb_content_width":""},"product_brand":[],"product_cat":[47],"product_tag":[],"class_list":{"0":"post-7702","1":"product","2":"type-product","3":"status-publish","4":"has-post-thumbnail","6":"product_cat-corsi-gobbetto-academy","8":"first","9":"instock","10":"taxable","11":"shipping-taxable","12":"purchasable","13":"product-type-simple"},"yoast_head":"<!-- This site is optimized with the Yoast SEO plugin v25.0 - https:\/\/yoast.com\/wordpress\/plugins\/seo\/ -->\n<title>Corso base artistico online - Gobbetto<\/title>\n<meta name=\"robots\" content=\"index, follow, max-snippet:-1, max-image-preview:large, max-video-preview:-1\" \/>\n<link rel=\"canonical\" href=\"https:\/\/www.gobbetto.com\/e-shop\/corsi-gobbetto-academy\/corso-base-artistico-online\" \/>\n<meta property=\"og:locale\" content=\"it_IT\" \/>\n<meta property=\"og:type\" content=\"article\" \/>\n<meta property=\"og:title\" content=\"Corso base artistico online - Gobbetto\" \/>\n<meta property=\"og:description\" content=\"Un corso base rivolto a chiunque desideri approcciare la tecnica delle resinatura per la prima volta e voglia acquisire a livello tecnico e applicativo le basi delle resine vetrificate e delle relative preparazioni, nonch\u00e9 comprendere le infinite potenzialit\u00e0 di questo materiale. Il corso \u00e8 on demand ed \u00e8 modulato su una prima parte introduttiva teorica [&hellip;]\" \/>\n<meta property=\"og:url\" content=\"https:\/\/www.gobbetto.com\/e-shop\/corsi-gobbetto-academy\/corso-base-artistico-online\" \/>\n<meta property=\"og:site_name\" content=\"Gobbetto\" \/>\n<meta property=\"article:publisher\" content=\"https:\/\/www.facebook.com\/gobbettoresine\" \/>\n<meta property=\"article:modified_time\" content=\"2024-11-24T17:35:59+00:00\" \/>\n<meta property=\"og:image\" content=\"https:\/\/www.gobbetto.com\/wp-content\/uploads\/2023\/01\/1-corso-base.jpg\" \/>\n\t<meta property=\"og:image:width\" content=\"640\" \/>\n\t<meta property=\"og:image:height\" content=\"360\" \/>\n\t<meta property=\"og:image:type\" content=\"image\/jpeg\" \/>\n<meta name=\"twitter:card\" content=\"summary_large_image\" \/>\n<meta name=\"twitter:label1\" content=\"Tempo di lettura stimato\" \/>\n\t<meta name=\"twitter:data1\" content=\"2 minuti\" \/>\n<script type=\"application\/ld+json\" class=\"yoast-schema-graph\">{\"@context\":\"https:\/\/schema.org\",\"@graph\":[{\"@type\":\"WebPage\",\"@id\":\"https:\/\/www.gobbetto.com\/e-shop\/corsi-gobbetto-academy\/corso-base-artistico-online\",\"url\":\"https:\/\/www.gobbetto.com\/e-shop\/corsi-gobbetto-academy\/corso-base-artistico-online\",\"name\":\"Corso base artistico online - Gobbetto\",\"isPartOf\":{\"@id\":\"https:\/\/www.gobbetto.com\/#website\"},\"primaryImageOfPage\":{\"@id\":\"https:\/\/www.gobbetto.com\/e-shop\/corsi-gobbetto-academy\/corso-base-artistico-online#primaryimage\"},\"image\":{\"@id\":\"https:\/\/www.gobbetto.com\/e-shop\/corsi-gobbetto-academy\/corso-base-artistico-online#primaryimage\"},\"thumbnailUrl\":\"https:\/\/www.gobbetto.com\/wp-content\/uploads\/2023\/01\/1-corso-base.jpg\",\"datePublished\":\"2023-01-17T03:02:58+00:00\",\"dateModified\":\"2024-11-24T17:35:59+00:00\",\"breadcrumb\":{\"@id\":\"https:\/\/www.gobbetto.com\/e-shop\/corsi-gobbetto-academy\/corso-base-artistico-online#breadcrumb\"},\"inLanguage\":\"it-IT\",\"potentialAction\":[{\"@type\":\"ReadAction\",\"target\":[\"https:\/\/www.gobbetto.com\/e-shop\/corsi-gobbetto-academy\/corso-base-artistico-online\"]}]},{\"@type\":\"ImageObject\",\"inLanguage\":\"it-IT\",\"@id\":\"https:\/\/www.gobbetto.com\/e-shop\/corsi-gobbetto-academy\/corso-base-artistico-online#primaryimage\",\"url\":\"https:\/\/www.gobbetto.com\/wp-content\/uploads\/2023\/01\/1-corso-base.jpg\",\"contentUrl\":\"https:\/\/www.gobbetto.com\/wp-content\/uploads\/2023\/01\/1-corso-base.jpg\",\"width\":640,\"height\":360},{\"@type\":\"BreadcrumbList\",\"@id\":\"https:\/\/www.gobbetto.com\/e-shop\/corsi-gobbetto-academy\/corso-base-artistico-online#breadcrumb\",\"itemListElement\":[{\"@type\":\"ListItem\",\"position\":1,\"name\":\"Home\",\"item\":\"https:\/\/www.gobbetto.com\/\"},{\"@type\":\"ListItem\",\"position\":2,\"name\":\"E-Shop\",\"item\":\"https:\/\/www.gobbetto.com\/e-shop\"},{\"@type\":\"ListItem\",\"position\":3,\"name\":\"Corsi Gobbetto Academy\",\"item\":\"https:\/\/www.gobbetto.com\/?product_cat=corsi-gobbetto-academy\"},{\"@type\":\"ListItem\",\"position\":4,\"name\":\"Corso base artistico online\"}]},{\"@type\":\"WebSite\",\"@id\":\"https:\/\/www.gobbetto.com\/#website\",\"url\":\"https:\/\/www.gobbetto.com\/\",\"name\":\"Gobbetto\",\"description\":\"Pavimenti e rivestimenti in resina\",\"publisher\":{\"@id\":\"https:\/\/www.gobbetto.com\/#organization\"},\"potentialAction\":[{\"@type\":\"SearchAction\",\"target\":{\"@type\":\"EntryPoint\",\"urlTemplate\":\"https:\/\/www.gobbetto.com\/?s={search_term_string}\"},\"query-input\":{\"@type\":\"PropertyValueSpecification\",\"valueRequired\":true,\"valueName\":\"search_term_string\"}}],\"inLanguage\":\"it-IT\"},{\"@type\":\"Organization\",\"@id\":\"https:\/\/www.gobbetto.com\/#organization\",\"name\":\"Gobbetto Srl\",\"url\":\"https:\/\/www.gobbetto.com\/\",\"logo\":{\"@type\":\"ImageObject\",\"inLanguage\":\"it-IT\",\"@id\":\"https:\/\/www.gobbetto.com\/#\/schema\/logo\/image\/\",\"url\":\"https:\/\/www.gobbetto.com\/wp-content\/uploads\/2023\/02\/cropped-favicon-gobbetto-cut.png\",\"contentUrl\":\"https:\/\/www.gobbetto.com\/wp-content\/uploads\/2023\/02\/cropped-favicon-gobbetto-cut.png\",\"width\":512,\"height\":512,\"caption\":\"Gobbetto Srl\"},\"image\":{\"@id\":\"https:\/\/www.gobbetto.com\/#\/schema\/logo\/image\/\"},\"sameAs\":[\"https:\/\/www.facebook.com\/gobbettoresine\",\"https:\/\/www.instagram.com\/gobbettoresine\/\",\"https:\/\/www.youtube.com\/user\/ResinaGobbetto\"]}]}<\/script>\n<!-- \/ Yoast SEO plugin. -->","yoast_head_json":{"title":"Corso base artistico online - Gobbetto","robots":{"index":"index","follow":"follow","max-snippet":"max-snippet:-1","max-image-preview":"max-image-preview:large","max-video-preview":"max-video-preview:-1"},"canonical":"https:\/\/www.gobbetto.com\/e-shop\/corsi-gobbetto-academy\/corso-base-artistico-online","og_locale":"it_IT","og_type":"article","og_title":"Corso base artistico online - Gobbetto","og_description":"Un corso base rivolto a chiunque desideri approcciare la tecnica delle resinatura per la prima volta e voglia acquisire a livello tecnico e applicativo le basi delle resine vetrificate e delle relative preparazioni, nonch\u00e9 comprendere le infinite potenzialit\u00e0 di questo materiale. Il corso \u00e8 on demand ed \u00e8 modulato su una prima parte introduttiva teorica [&hellip;]","og_url":"https:\/\/www.gobbetto.com\/e-shop\/corsi-gobbetto-academy\/corso-base-artistico-online","og_site_name":"Gobbetto","article_publisher":"https:\/\/www.facebook.com\/gobbettoresine","article_modified_time":"2024-11-24T17:35:59+00:00","og_image":[{"width":640,"height":360,"url":"https:\/\/www.gobbetto.com\/wp-content\/uploads\/2023\/01\/1-corso-base.jpg","type":"image\/jpeg"}],"twitter_card":"summary_large_image","twitter_misc":{"Tempo di lettura stimato":"2 minuti"},"schema":{"@context":"https:\/\/schema.org","@graph":[{"@type":"WebPage","@id":"https:\/\/www.gobbetto.com\/e-shop\/corsi-gobbetto-academy\/corso-base-artistico-online","url":"https:\/\/www.gobbetto.com\/e-shop\/corsi-gobbetto-academy\/corso-base-artistico-online","name":"Corso base artistico online - Gobbetto","isPartOf":{"@id":"https:\/\/www.gobbetto.com\/#website"},"primaryImageOfPage":{"@id":"https:\/\/www.gobbetto.com\/e-shop\/corsi-gobbetto-academy\/corso-base-artistico-online#primaryimage"},"image":{"@id":"https:\/\/www.gobbetto.com\/e-shop\/corsi-gobbetto-academy\/corso-base-artistico-online#primaryimage"},"thumbnailUrl":"https:\/\/www.gobbetto.com\/wp-content\/uploads\/2023\/01\/1-corso-base.jpg","datePublished":"2023-01-17T03:02:58+00:00","dateModified":"2024-11-24T17:35:59+00:00","breadcrumb":{"@id":"https:\/\/www.gobbetto.com\/e-shop\/corsi-gobbetto-academy\/corso-base-artistico-online#breadcrumb"},"inLanguage":"it-IT","potentialAction":[{"@type":"ReadAction","target":["https:\/\/www.gobbetto.com\/e-shop\/corsi-gobbetto-academy\/corso-base-artistico-online"]}]},{"@type":"ImageObject","inLanguage":"it-IT","@id":"https:\/\/www.gobbetto.com\/e-shop\/corsi-gobbetto-academy\/corso-base-artistico-online#primaryimage","url":"https:\/\/www.gobbetto.com\/wp-content\/uploads\/2023\/01\/1-corso-base.jpg","contentUrl":"https:\/\/www.gobbetto.com\/wp-content\/uploads\/2023\/01\/1-corso-base.jpg","width":640,"height":360},{"@type":"BreadcrumbList","@id":"https:\/\/www.gobbetto.com\/e-shop\/corsi-gobbetto-academy\/corso-base-artistico-online#breadcrumb","itemListElement":[{"@type":"ListItem","position":1,"name":"Home","item":"https:\/\/www.gobbetto.com\/"},{"@type":"ListItem","position":2,"name":"E-Shop","item":"https:\/\/www.gobbetto.com\/e-shop"},{"@type":"ListItem","position":3,"name":"Corsi Gobbetto Academy","item":"https:\/\/www.gobbetto.com\/?product_cat=corsi-gobbetto-academy"},{"@type":"ListItem","position":4,"name":"Corso base artistico online"}]},{"@type":"WebSite","@id":"https:\/\/www.gobbetto.com\/#website","url":"https:\/\/www.gobbetto.com\/","name":"Gobbetto","description":"Pavimenti e rivestimenti in resina","publisher":{"@id":"https:\/\/www.gobbetto.com\/#organization"},"potentialAction":[{"@type":"SearchAction","target":{"@type":"EntryPoint","urlTemplate":"https:\/\/www.gobbetto.com\/?s={search_term_string}"},"query-input":{"@type":"PropertyValueSpecification","valueRequired":true,"valueName":"search_term_string"}}],"inLanguage":"it-IT"},{"@type":"Organization","@id":"https:\/\/www.gobbetto.com\/#organization","name":"Gobbetto Srl","url":"https:\/\/www.gobbetto.com\/","logo":{"@type":"ImageObject","inLanguage":"it-IT","@id":"https:\/\/www.gobbetto.com\/#\/schema\/logo\/image\/","url":"https:\/\/www.gobbetto.com\/wp-content\/uploads\/2023\/02\/cropped-favicon-gobbetto-cut.png","contentUrl":"https:\/\/www.gobbetto.com\/wp-content\/uploads\/2023\/02\/cropped-favicon-gobbetto-cut.png","width":512,"height":512,"caption":"Gobbetto Srl"},"image":{"@id":"https:\/\/www.gobbetto.com\/#\/schema\/logo\/image\/"},"sameAs":["https:\/\/www.facebook.com\/gobbettoresine","https:\/\/www.instagram.com\/gobbettoresine\/","https:\/\/www.youtube.com\/user\/ResinaGobbetto"]}]}},"_links":{"self":[{"href":"https:\/\/www.gobbetto.com\/index.php?rest_route=\/wp\/v2\/product\/7702","targetHints":{"allow":["GET"]}}],"collection":[{"href":"https:\/\/www.gobbetto.com\/index.php?rest_route=\/wp\/v2\/product"}],"about":[{"href":"https:\/\/www.gobbetto.com\/index.php?rest_route=\/wp\/v2\/types\/product"}],"wp:featuredmedia":[{"embeddable":true,"href":"https:\/\/www.gobbetto.com\/index.php?rest_route=\/wp\/v2\/media\/7721"}],"wp:attachment":[{"href":"https:\/\/www.gobbetto.com\/index.php?rest_route=%2Fwp%2Fv2%2Fmedia&parent=7702"}],"wp:term":[{"taxonomy":"product_brand","embeddable":true,"href":"https:\/\/www.gobbetto.com\/index.php?rest_route=%2Fwp%2Fv2%2Fproduct_brand&post=7702"},{"taxonomy":"product_cat","embeddable":true,"href":"https:\/\/www.gobbetto.com\/index.php?rest_route=%2Fwp%2Fv2%2Fproduct_cat&post=7702"},{"taxonomy":"product_tag","embeddable":true,"href":"https:\/\/www.gobbetto.com\/index.php?rest_route=%2Fwp%2Fv2%2Fproduct_tag&post=7702"}],"curies":[{"name":"wp","href":"https:\/\/api.w.org\/{rel}","templated":true}]}}