{"id":7466,"date":"2023-01-16T14:17:45","date_gmt":"2023-01-16T14:17:45","guid":{"rendered":"https:\/\/www.gobbetto.com\/?post_type=product&#038;p=7466"},"modified":"2024-11-24T19:20:58","modified_gmt":"2024-11-24T18:20:58","slug":"dega-energy","status":"publish","type":"product","link":"https:\/\/www.gobbetto.com\/e-shop\/stucchi-per-superfici\/dega-energy","title":{"rendered":"Dega energy"},"content":{"rendered":"<p>Resina brevettata con propriet\u00e0 magnetiche, utilizzabile sia per rivestimenti verticali sia per pavimenti. E\u2019 indicata per il fissaggio a parete di accessori e di complementi di arredo, attraverso magneti e calamite, consentendo di mantenere integra la superficie da forature, chiodi e tasselli. Dega Energy, se applicato a pavimenti con pannelli radianti, grazie alle sue propriet\u00e0 conduttive, migliora l\u2019efficienza termica e la diffusione del calore.<\/p>\r\n<p>Dega Energy \u00e8 un prodotto bi-componente a base di cariche metalliche, esente da scorie radioattive. Il colore di base \u00e8 il grigio antracite, con possibilit\u00e0 di ottenere colori diversi con l\u2019aggiunta di pigmenti universali e acrilici.<\/p>\r\n<p><strong>APPLICAZIONE<br \/>\r\n<\/strong>Pulire la superficie e stendere Dega Primer per migliorare l\u2019aderenza. Miscelare i due componenti A+B nelle proporzioni 1\u00f72 (es. 1 kg A + 2 kg B). Applicare Gobbetto Dega Energy in rasatura millimetrica mediante l\u2019uso di spatola. Sul prodotto asciutto, carteggiare e procedere con un secondo strato. E\u2019 possibile proteggere la superficie con Dega Brek trasparente.<\/p>\r\n<p><strong>DOSAGGIO<\/strong><br \/>\r\nStrettamente legato al tipo di intervento effettuato sul supporto. Il consumo medio per rasatura \u00e8 di kg 2,5 al mq.<\/p>","protected":false},"excerpt":{"rendered":"<p>Resina brevettata con propriet\u00e0 magnetiche, utilizzabile sia per rivestimenti verticali sia per pavimenti. E\u2019 indicata per il fissaggio a parete di accessori e di complementi di arredo, attraverso magneti e calamite, consentendo di mantenere integra la superficie da forature, chiodi e tasselli. Dega Energy, se applicato a pavimenti con pannelli radianti, grazie alle sue propriet\u00e0 [&hellip;]<\/p>\n","protected":false},"featured_media":7474,"template":"","meta":{"_et_pb_use_builder":"","_et_pb_old_content":"","_et_gb_content_width":""},"product_brand":[],"product_cat":[40],"product_tag":[],"class_list":{"0":"post-7466","1":"product","2":"type-product","3":"status-publish","4":"has-post-thumbnail","6":"product_cat-stucchi-per-superfici","8":"first","9":"instock","10":"sale","11":"taxable","12":"shipping-taxable","13":"purchasable","14":"product-type-variable"},"yoast_head":"<!-- This site is optimized with the Yoast SEO plugin v25.0 - https:\/\/yoast.com\/wordpress\/plugins\/seo\/ -->\n<title>Dega energy - Gobbetto<\/title>\n<meta name=\"robots\" content=\"index, follow, max-snippet:-1, max-image-preview:large, max-video-preview:-1\" \/>\n<link rel=\"canonical\" href=\"https:\/\/www.gobbetto.com\/e-shop\/stucchi-per-superfici\/dega-energy\" \/>\n<meta property=\"og:locale\" content=\"it_IT\" \/>\n<meta property=\"og:type\" content=\"article\" \/>\n<meta property=\"og:title\" content=\"Dega energy - Gobbetto\" \/>\n<meta property=\"og:description\" content=\"Resina brevettata con propriet\u00e0 magnetiche, utilizzabile sia per rivestimenti verticali sia per pavimenti. E\u2019 indicata per il fissaggio a parete di accessori e di complementi di arredo, attraverso magneti e calamite, consentendo di mantenere integra la superficie da forature, chiodi e tasselli. Dega Energy, se applicato a pavimenti con pannelli radianti, grazie alle sue propriet\u00e0 [&hellip;]\" \/>\n<meta property=\"og:url\" content=\"https:\/\/www.gobbetto.com\/e-shop\/stucchi-per-superfici\/dega-energy\" \/>\n<meta property=\"og:site_name\" content=\"Gobbetto\" \/>\n<meta property=\"article:publisher\" content=\"https:\/\/www.facebook.com\/gobbettoresine\" \/>\n<meta property=\"article:modified_time\" content=\"2024-11-24T18:20:58+00:00\" \/>\n<meta property=\"og:image\" content=\"https:\/\/www.gobbetto.com\/wp-content\/uploads\/2023\/01\/Dega-energy-ab.jpg\" \/>\n\t<meta property=\"og:image:width\" content=\"800\" \/>\n\t<meta property=\"og:image:height\" content=\"1067\" \/>\n\t<meta property=\"og:image:type\" content=\"image\/jpeg\" \/>\n<meta name=\"twitter:card\" content=\"summary_large_image\" \/>\n<meta name=\"twitter:label1\" content=\"Tempo di lettura stimato\" \/>\n\t<meta name=\"twitter:data1\" content=\"1 minuto\" \/>\n<script type=\"application\/ld+json\" class=\"yoast-schema-graph\">{\"@context\":\"https:\/\/schema.org\",\"@graph\":[{\"@type\":\"WebPage\",\"@id\":\"https:\/\/www.gobbetto.com\/e-shop\/stucchi-per-superfici\/dega-energy\",\"url\":\"https:\/\/www.gobbetto.com\/e-shop\/stucchi-per-superfici\/dega-energy\",\"name\":\"Dega energy - Gobbetto\",\"isPartOf\":{\"@id\":\"https:\/\/www.gobbetto.com\/#website\"},\"primaryImageOfPage\":{\"@id\":\"https:\/\/www.gobbetto.com\/e-shop\/stucchi-per-superfici\/dega-energy#primaryimage\"},\"image\":{\"@id\":\"https:\/\/www.gobbetto.com\/e-shop\/stucchi-per-superfici\/dega-energy#primaryimage\"},\"thumbnailUrl\":\"https:\/\/www.gobbetto.com\/wp-content\/uploads\/2023\/01\/Dega-energy-ab.jpg\",\"datePublished\":\"2023-01-16T14:17:45+00:00\",\"dateModified\":\"2024-11-24T18:20:58+00:00\",\"breadcrumb\":{\"@id\":\"https:\/\/www.gobbetto.com\/e-shop\/stucchi-per-superfici\/dega-energy#breadcrumb\"},\"inLanguage\":\"it-IT\",\"potentialAction\":[{\"@type\":\"ReadAction\",\"target\":[\"https:\/\/www.gobbetto.com\/e-shop\/stucchi-per-superfici\/dega-energy\"]}]},{\"@type\":\"ImageObject\",\"inLanguage\":\"it-IT\",\"@id\":\"https:\/\/www.gobbetto.com\/e-shop\/stucchi-per-superfici\/dega-energy#primaryimage\",\"url\":\"https:\/\/www.gobbetto.com\/wp-content\/uploads\/2023\/01\/Dega-energy-ab.jpg\",\"contentUrl\":\"https:\/\/www.gobbetto.com\/wp-content\/uploads\/2023\/01\/Dega-energy-ab.jpg\",\"width\":800,\"height\":1067,\"caption\":\"Dega Energy stucco per fissaggi tramite magneti\"},{\"@type\":\"BreadcrumbList\",\"@id\":\"https:\/\/www.gobbetto.com\/e-shop\/stucchi-per-superfici\/dega-energy#breadcrumb\",\"itemListElement\":[{\"@type\":\"ListItem\",\"position\":1,\"name\":\"Home\",\"item\":\"https:\/\/www.gobbetto.com\/\"},{\"@type\":\"ListItem\",\"position\":2,\"name\":\"E-Shop\",\"item\":\"https:\/\/www.gobbetto.com\/e-shop\"},{\"@type\":\"ListItem\",\"position\":3,\"name\":\"Stucchi per superfici\",\"item\":\"https:\/\/www.gobbetto.com\/?product_cat=stucchi-per-superfici\"},{\"@type\":\"ListItem\",\"position\":4,\"name\":\"Dega energy\"}]},{\"@type\":\"WebSite\",\"@id\":\"https:\/\/www.gobbetto.com\/#website\",\"url\":\"https:\/\/www.gobbetto.com\/\",\"name\":\"Gobbetto\",\"description\":\"Pavimenti e rivestimenti in resina\",\"publisher\":{\"@id\":\"https:\/\/www.gobbetto.com\/#organization\"},\"potentialAction\":[{\"@type\":\"SearchAction\",\"target\":{\"@type\":\"EntryPoint\",\"urlTemplate\":\"https:\/\/www.gobbetto.com\/?s={search_term_string}\"},\"query-input\":{\"@type\":\"PropertyValueSpecification\",\"valueRequired\":true,\"valueName\":\"search_term_string\"}}],\"inLanguage\":\"it-IT\"},{\"@type\":\"Organization\",\"@id\":\"https:\/\/www.gobbetto.com\/#organization\",\"name\":\"Gobbetto Srl\",\"url\":\"https:\/\/www.gobbetto.com\/\",\"logo\":{\"@type\":\"ImageObject\",\"inLanguage\":\"it-IT\",\"@id\":\"https:\/\/www.gobbetto.com\/#\/schema\/logo\/image\/\",\"url\":\"https:\/\/www.gobbetto.com\/wp-content\/uploads\/2023\/02\/cropped-favicon-gobbetto-cut.png\",\"contentUrl\":\"https:\/\/www.gobbetto.com\/wp-content\/uploads\/2023\/02\/cropped-favicon-gobbetto-cut.png\",\"width\":512,\"height\":512,\"caption\":\"Gobbetto Srl\"},\"image\":{\"@id\":\"https:\/\/www.gobbetto.com\/#\/schema\/logo\/image\/\"},\"sameAs\":[\"https:\/\/www.facebook.com\/gobbettoresine\",\"https:\/\/www.instagram.com\/gobbettoresine\/\",\"https:\/\/www.youtube.com\/user\/ResinaGobbetto\"]}]}<\/script>\n<!-- \/ Yoast SEO plugin. -->","yoast_head_json":{"title":"Dega energy - Gobbetto","robots":{"index":"index","follow":"follow","max-snippet":"max-snippet:-1","max-image-preview":"max-image-preview:large","max-video-preview":"max-video-preview:-1"},"canonical":"https:\/\/www.gobbetto.com\/e-shop\/stucchi-per-superfici\/dega-energy","og_locale":"it_IT","og_type":"article","og_title":"Dega energy - Gobbetto","og_description":"Resina brevettata con propriet\u00e0 magnetiche, utilizzabile sia per rivestimenti verticali sia per pavimenti. E\u2019 indicata per il fissaggio a parete di accessori e di complementi di arredo, attraverso magneti e calamite, consentendo di mantenere integra la superficie da forature, chiodi e tasselli. Dega Energy, se applicato a pavimenti con pannelli radianti, grazie alle sue propriet\u00e0 [&hellip;]","og_url":"https:\/\/www.gobbetto.com\/e-shop\/stucchi-per-superfici\/dega-energy","og_site_name":"Gobbetto","article_publisher":"https:\/\/www.facebook.com\/gobbettoresine","article_modified_time":"2024-11-24T18:20:58+00:00","og_image":[{"width":800,"height":1067,"url":"https:\/\/www.gobbetto.com\/wp-content\/uploads\/2023\/01\/Dega-energy-ab.jpg","type":"image\/jpeg"}],"twitter_card":"summary_large_image","twitter_misc":{"Tempo di lettura stimato":"1 minuto"},"schema":{"@context":"https:\/\/schema.org","@graph":[{"@type":"WebPage","@id":"https:\/\/www.gobbetto.com\/e-shop\/stucchi-per-superfici\/dega-energy","url":"https:\/\/www.gobbetto.com\/e-shop\/stucchi-per-superfici\/dega-energy","name":"Dega energy - Gobbetto","isPartOf":{"@id":"https:\/\/www.gobbetto.com\/#website"},"primaryImageOfPage":{"@id":"https:\/\/www.gobbetto.com\/e-shop\/stucchi-per-superfici\/dega-energy#primaryimage"},"image":{"@id":"https:\/\/www.gobbetto.com\/e-shop\/stucchi-per-superfici\/dega-energy#primaryimage"},"thumbnailUrl":"https:\/\/www.gobbetto.com\/wp-content\/uploads\/2023\/01\/Dega-energy-ab.jpg","datePublished":"2023-01-16T14:17:45+00:00","dateModified":"2024-11-24T18:20:58+00:00","breadcrumb":{"@id":"https:\/\/www.gobbetto.com\/e-shop\/stucchi-per-superfici\/dega-energy#breadcrumb"},"inLanguage":"it-IT","potentialAction":[{"@type":"ReadAction","target":["https:\/\/www.gobbetto.com\/e-shop\/stucchi-per-superfici\/dega-energy"]}]},{"@type":"ImageObject","inLanguage":"it-IT","@id":"https:\/\/www.gobbetto.com\/e-shop\/stucchi-per-superfici\/dega-energy#primaryimage","url":"https:\/\/www.gobbetto.com\/wp-content\/uploads\/2023\/01\/Dega-energy-ab.jpg","contentUrl":"https:\/\/www.gobbetto.com\/wp-content\/uploads\/2023\/01\/Dega-energy-ab.jpg","width":800,"height":1067,"caption":"Dega Energy stucco per fissaggi tramite magneti"},{"@type":"BreadcrumbList","@id":"https:\/\/www.gobbetto.com\/e-shop\/stucchi-per-superfici\/dega-energy#breadcrumb","itemListElement":[{"@type":"ListItem","position":1,"name":"Home","item":"https:\/\/www.gobbetto.com\/"},{"@type":"ListItem","position":2,"name":"E-Shop","item":"https:\/\/www.gobbetto.com\/e-shop"},{"@type":"ListItem","position":3,"name":"Stucchi per superfici","item":"https:\/\/www.gobbetto.com\/?product_cat=stucchi-per-superfici"},{"@type":"ListItem","position":4,"name":"Dega energy"}]},{"@type":"WebSite","@id":"https:\/\/www.gobbetto.com\/#website","url":"https:\/\/www.gobbetto.com\/","name":"Gobbetto","description":"Pavimenti e rivestimenti in resina","publisher":{"@id":"https:\/\/www.gobbetto.com\/#organization"},"potentialAction":[{"@type":"SearchAction","target":{"@type":"EntryPoint","urlTemplate":"https:\/\/www.gobbetto.com\/?s={search_term_string}"},"query-input":{"@type":"PropertyValueSpecification","valueRequired":true,"valueName":"search_term_string"}}],"inLanguage":"it-IT"},{"@type":"Organization","@id":"https:\/\/www.gobbetto.com\/#organization","name":"Gobbetto Srl","url":"https:\/\/www.gobbetto.com\/","logo":{"@type":"ImageObject","inLanguage":"it-IT","@id":"https:\/\/www.gobbetto.com\/#\/schema\/logo\/image\/","url":"https:\/\/www.gobbetto.com\/wp-content\/uploads\/2023\/02\/cropped-favicon-gobbetto-cut.png","contentUrl":"https:\/\/www.gobbetto.com\/wp-content\/uploads\/2023\/02\/cropped-favicon-gobbetto-cut.png","width":512,"height":512,"caption":"Gobbetto Srl"},"image":{"@id":"https:\/\/www.gobbetto.com\/#\/schema\/logo\/image\/"},"sameAs":["https:\/\/www.facebook.com\/gobbettoresine","https:\/\/www.instagram.com\/gobbettoresine\/","https:\/\/www.youtube.com\/user\/ResinaGobbetto"]}]}},"_links":{"self":[{"href":"https:\/\/www.gobbetto.com\/index.php?rest_route=\/wp\/v2\/product\/7466","targetHints":{"allow":["GET"]}}],"collection":[{"href":"https:\/\/www.gobbetto.com\/index.php?rest_route=\/wp\/v2\/product"}],"about":[{"href":"https:\/\/www.gobbetto.com\/index.php?rest_route=\/wp\/v2\/types\/product"}],"wp:featuredmedia":[{"embeddable":true,"href":"https:\/\/www.gobbetto.com\/index.php?rest_route=\/wp\/v2\/media\/7474"}],"wp:attachment":[{"href":"https:\/\/www.gobbetto.com\/index.php?rest_route=%2Fwp%2Fv2%2Fmedia&parent=7466"}],"wp:term":[{"taxonomy":"product_brand","embeddable":true,"href":"https:\/\/www.gobbetto.com\/index.php?rest_route=%2Fwp%2Fv2%2Fproduct_brand&post=7466"},{"taxonomy":"product_cat","embeddable":true,"href":"https:\/\/www.gobbetto.com\/index.php?rest_route=%2Fwp%2Fv2%2Fproduct_cat&post=7466"},{"taxonomy":"product_tag","embeddable":true,"href":"https:\/\/www.gobbetto.com\/index.php?rest_route=%2Fwp%2Fv2%2Fproduct_tag&post=7466"}],"curies":[{"name":"wp","href":"https:\/\/api.w.org\/{rel}","templated":true}]}}