{"id":3826,"date":"2022-09-09T20:22:31","date_gmt":"2022-09-09T20:22:31","guid":{"rendered":"https:\/\/www.gobbetto.com\/?page_id=3826"},"modified":"2023-02-08T17:06:17","modified_gmt":"2023-02-08T17:06:17","slug":"dega-energy","status":"publish","type":"page","link":"https:\/\/www.gobbetto.com\/superfici-prodotti\/dega-energy\/dega-energy-gobbetto","title":{"rendered":"Dega Energy Gobbetto"},"content":{"rendered":"[et_pb_section fb_built=&#8221;1&#8243; _builder_version=&#8221;4.18.0&#8243; _module_preset=&#8221;default&#8221; custom_padding=&#8221;0px|0px|0px|0px|false|false&#8221; global_colors_info=&#8221;{}&#8221;][et_pb_row _builder_version=&#8221;4.18.0&#8243; _module_preset=&#8221;default&#8221; custom_margin=&#8221;||||false|false&#8221; custom_padding=&#8221;0px|0px|0px|0px|false|false&#8221; global_colors_info=&#8221;{}&#8221;][et_pb_column type=&#8221;4_4&#8243; _builder_version=&#8221;4.17.3&#8243; _module_preset=&#8221;default&#8221; global_colors_info=&#8221;{}&#8221;][et_pb_code _builder_version=&#8221;4.18.0&#8243; _module_preset=&#8221;default&#8221; custom_padding=&#8221;0px|0px|0px|0px|false|false&#8221; global_colors_info=&#8221;{}&#8221;]<pee id=\"breadcrumbs\"><!-- [et_pb_line_break_holder] --> <span><span><a href=\"https:\/\/www.gobbetto.com\/\">Home<\/a><\/span><\/span><!-- [et_pb_line_break_holder] --><\/pee><!-- [et_pb_line_break_holder] -->[\/et_pb_code][\/et_pb_column][\/et_pb_row][\/et_pb_section][et_pb_section fb_built=&#8221;1&#8243; module_class=&#8221;sottoprodotti&#8221; _builder_version=&#8221;4.17.3&#8243; _module_preset=&#8221;default&#8221; custom_padding=&#8221;0px|0px|0px|0px|false|false&#8221; global_colors_info=&#8221;{}&#8221;][et_pb_row column_structure=&#8221;2_5,3_5&#8243; _builder_version=&#8221;4.18.0&#8243; _module_preset=&#8221;default&#8221; custom_margin=&#8221;80px|auto|80px|auto|false|false&#8221; custom_padding=&#8221;0px|0px|0px|0px|false|false&#8221; custom_css_main_element=&#8221;display: flex;||align-items: center;&#8221; global_colors_info=&#8221;{}&#8221;][et_pb_column type=&#8221;2_5&#8243; _builder_version=&#8221;4.17.3&#8243; _module_preset=&#8221;default&#8221; z_index=&#8221;165&#8243; global_colors_info=&#8221;{}&#8221;][et_pb_image src=&#8221;https:\/\/www.gobbetto.com\/wp-content\/uploads\/2023\/02\/dega-alfa-doubleComponents.png&#8221; alt=&#8221;dega alfa&#8221; title_text=&#8221;dega-alfa-doubleComponents&#8221; align=&#8221;right&#8221; _builder_version=&#8221;4.18.0&#8243; _module_preset=&#8221;default&#8221; z_index=&#8221;105&#8243; module_alignment=&#8221;right&#8221; max_height=&#8221;496px&#8221; custom_margin=&#8221;-14px|||||&#8221; custom_padding=&#8221;0px|0px|0px|0px|false|false&#8221; global_colors_info=&#8221;{}&#8221;][\/et_pb_image][\/et_pb_column][et_pb_column type=&#8221;3_5&#8243; _builder_version=&#8221;4.17.3&#8243; _module_preset=&#8221;default&#8221; global_colors_info=&#8221;{}&#8221;][et_pb_text module_id=&#8221;sottoprodotto&#8221; _builder_version=&#8221;4.17.3&#8243; _module_preset=&#8221;default&#8221; text_font=&#8221;|300|||||||&#8221; z_index=&#8221;-275&#8243; custom_margin=&#8221;58px||44px|-461px|false|false&#8221; custom_padding=&#8221;44px||28px|18px|false|false&#8221; border_width_all=&#8221;15px&#8221; border_color_all=&#8221;#F15832&#8243; global_colors_info=&#8221;{}&#8221;]<h2>Gobbetto Dega Energy\u00ae<\/h2>\n<p>Resina magnetica<\/p>[\/et_pb_text][et_pb_text _builder_version=&#8221;4.17.3&#8243; _module_preset=&#8221;default&#8221; custom_padding=&#8221;|50px||||&#8221; global_colors_info=&#8221;{}&#8221;]<h3>Descrizione<\/h3>\n<p><strong>Gobbetto Dega Energy\u00ae<\/strong> \u00e8 un prodotto bicomponente con propriet\u00e0 magnetiche, a base di resine e cariche metalliche, esente da scorie radioattive. Il colore di base \u00e8 grigio antracite. \u00c8 possibile colorarlo con pigmenti universali e acrilici.<\/p>\n<p>Utilizzabile sia per pavimenti che per rivestimenti. Se applicato a pavimenti con pannelli radianti, migliora l\u2019efficienza termica per quanto riguarda la diffusione del calore. Indicato anche per il fissaggio magnetico di accessori e complementi d\u2019arredo, con magneti e calamite, evitando forature ed utilizzo di chiodi o tasselli, mantenendo cos\u00ec l\u2019integrit\u00e0 della superficie stessa.<\/p>[\/et_pb_text][\/et_pb_column][\/et_pb_row][\/et_pb_section][et_pb_section fb_built=&#8221;1&#8243; module_class=&#8221;sottoprodotti&#8221; _builder_version=&#8221;4.17.3&#8243; _module_preset=&#8221;default&#8221; background_color=&#8221;#F8F8F8&#8243; custom_padding=&#8221;0px|0px|0px|0px|false|false&#8221; global_colors_info=&#8221;{}&#8221;][et_pb_row column_structure=&#8221;1_2,1_2&#8243; make_equal=&#8221;on&#8221; _builder_version=&#8221;4.17.3&#8243; _module_preset=&#8221;default&#8221; custom_padding=&#8221;20px|0px|20px|0px|false|false&#8221; global_colors_info=&#8221;{}&#8221;][et_pb_column type=&#8221;1_2&#8243; _builder_version=&#8221;4.17.3&#8243; _module_preset=&#8221;default&#8221; global_colors_info=&#8221;{}&#8221;][et_pb_text _builder_version=&#8221;4.17.3&#8243; _module_preset=&#8221;default&#8221; background_color=&#8221;#FFFFFF&#8221; custom_margin=&#8221;||||false|false&#8221; custom_padding=&#8221;45px|84px|45px|84px|true|true&#8221; global_colors_info=&#8221;{}&#8221;]<h3>Applicazione<\/h3>\n<p>Pulire la superficie e posare <strong>Dega Primer<\/strong> per un migliore ancoraggio. Miscelare i due componenti A+B nelle proporzioni 1\u00f72 (es. 1 kg A + 2 kg B). Applicare <strong>Gobbetto Dega Energy\u00ae<\/strong> in rasatura millimetrica mediante l\u2019uso di spatola. Sul prodotto asciutto, carteggiare e procedere con un secondo strato. Finire con 2\/3 mani di resina protettiva trasparente.<\/p>[\/et_pb_text][\/et_pb_column][et_pb_column type=&#8221;1_2&#8243; _builder_version=&#8221;4.17.3&#8243; _module_preset=&#8221;default&#8221; background_color=&#8221;#FFFFFF&#8221; global_colors_info=&#8221;{}&#8221;][et_pb_text _builder_version=&#8221;4.17.3&#8243; _module_preset=&#8221;default&#8221; background_color=&#8221;RGBA(255,255,255,0)&#8221; custom_margin=&#8221;||||false|false&#8221; custom_padding=&#8221;45px|84px|45px|84px|true|true&#8221; global_colors_info=&#8221;{}&#8221;]<h3>Dosaggi<\/h3>\n<p>Strettamente legato al tipo di intervento effettuato sul supporto.\nPer rasatura consumo medio 2,5 kg al mm\/mq.<\/p>\n\n<p>Disponibile in confezioni (kit A + B) da 3 kg, 6 kg e da 12 kg.<\/p>[\/et_pb_text][\/et_pb_column][\/et_pb_row][\/et_pb_section][et_pb_section fb_built=&#8221;1&#8243; module_class=&#8221;sottoprodotti_gallery&#8221; _builder_version=&#8221;4.17.3&#8243; _module_preset=&#8221;default&#8221; custom_padding=&#8221;0px||0px||true|false&#8221; locked=&#8221;off&#8221; global_colors_info=&#8221;{}&#8221;][et_pb_row column_structure=&#8221;1_3,1_3,1_3&#8243; _builder_version=&#8221;4.17.3&#8243; _module_preset=&#8221;default&#8221; custom_padding=&#8221;80px|0px|4px|0px|false|false&#8221; global_colors_info=&#8221;{}&#8221;][et_pb_column type=&#8221;1_3&#8243; _builder_version=&#8221;4.17.3&#8243; _module_preset=&#8221;default&#8221; global_colors_info=&#8221;{}&#8221;][et_pb_image src=&#8221;https:\/\/www.gobbetto.com\/wp-content\/uploads\/2022\/08\/2.-dega-energy.jpg&#8221; title_text=&#8221;2. dega energy&#8221; align=&#8221;center&#8221; _builder_version=&#8221;4.17.3&#8243; _module_preset=&#8221;default&#8221; global_colors_info=&#8221;{}&#8221;][\/et_pb_image][\/et_pb_column][et_pb_column type=&#8221;1_3&#8243; _builder_version=&#8221;4.17.3&#8243; _module_preset=&#8221;default&#8221; global_colors_info=&#8221;{}&#8221;][et_pb_image src=&#8221;https:\/\/www.gobbetto.com\/wp-content\/uploads\/2022\/08\/3.dega-energy.jpg&#8221; title_text=&#8221;3.dega energy&#8221; _builder_version=&#8221;4.17.3&#8243; _module_preset=&#8221;default&#8221; global_colors_info=&#8221;{}&#8221;][\/et_pb_image][\/et_pb_column][et_pb_column type=&#8221;1_3&#8243; _builder_version=&#8221;4.17.3&#8243; _module_preset=&#8221;default&#8221; global_colors_info=&#8221;{}&#8221;][et_pb_image src=&#8221;https:\/\/www.gobbetto.com\/wp-content\/uploads\/2022\/08\/4.dega-energy-1.jpg&#8221; title_text=&#8221;4.dega energy&#8221; _builder_version=&#8221;4.17.3&#8243; _module_preset=&#8221;default&#8221; global_colors_info=&#8221;{}&#8221;][\/et_pb_image][\/et_pb_column][\/et_pb_row][\/et_pb_section][et_pb_section fb_built=&#8221;1&#8243; _builder_version=&#8221;4.17.3&#8243; _module_preset=&#8221;default&#8221; custom_padding=&#8221;0px|0px|0px|0px|false|false&#8221; locked=&#8221;off&#8221; global_colors_info=&#8221;{}&#8221;][et_pb_row column_structure=&#8221;1_2,1_2&#8243; use_custom_gutter=&#8221;on&#8221; gutter_width=&#8221;1&#8243; module_class=&#8221;sottoprodotti_link&#8221; _builder_version=&#8221;4.17.3&#8243; _module_preset=&#8221;default&#8221; custom_margin=&#8221;73px|auto|80px|auto|false|false&#8221; custom_padding=&#8221;0px|0px|0px|0px|false|false&#8221; locked=&#8221;off&#8221; global_colors_info=&#8221;{}&#8221;][et_pb_column type=&#8221;1_2&#8243; _builder_version=&#8221;4.17.3&#8243; _module_preset=&#8221;default&#8221; global_colors_info=&#8221;{}&#8221;][et_pb_code _builder_version=&#8221;4.17.3&#8243; _module_preset=&#8221;default&#8221; custom_padding=&#8221;||||false|false&#8221; global_colors_info=&#8221;{}&#8221;]<div class=\"text-with-icons\"><!-- [et_pb_line_break_holder] --><!-- [et_pb_line_break_holder] --><!-- [et_pb_line_break_holder] --><a href=\"\/api\/pdf\/DEGA-ENERGY.pdf\" download><!-- [et_pb_line_break_holder] --><h3 style=\"text-align: center;\">Scheda tecnica<\/h3><!-- [et_pb_line_break_holder] -->  <\/a><!-- [et_pb_line_break_holder] -->  <a href=\"\/api\/pdf\/DEGA-ENERGY.pdf\" download><!-- [et_pb_line_break_holder] --> <img decoding=\"async\" class=\"aligncenter\" src=\"\/api\/img\/icons\/download.svg\" \/><!-- [et_pb_line_break_holder] -->  <\/a><!-- [et_pb_line_break_holder] --><!-- [et_pb_line_break_holder] --><\/div><!-- [et_pb_line_break_holder] --><!-- [et_pb_line_break_holder] --><!-- [et_pb_line_break_holder] -->[\/et_pb_code][\/et_pb_column][et_pb_column type=&#8221;1_2&#8243; _builder_version=&#8221;4.17.3&#8243; _module_preset=&#8221;default&#8221; global_colors_info=&#8221;{}&#8221;][et_pb_code _builder_version=&#8221;4.18.0&#8243; _module_preset=&#8221;default&#8221; hover_enabled=&#8221;0&#8243; global_colors_info=&#8221;{}&#8221; sticky_enabled=&#8221;0&#8243;]<div class=\"text-with-icons\"><!-- [et_pb_line_break_holder] -->  <a href=\"https:\/\/www.gobbetto.com\/e-shop\/stucchi-per-superfici\/dega-energy\"><!-- [et_pb_line_break_holder] -->     <h3 style=\"text-align: center;\">Acquista online<\/h3><!-- [et_pb_line_break_holder] -->     <img decoding=\"async\" class=\"aligncenter\" src=\"\/api\/img\/icons\/buy.svg\" \/><!-- [et_pb_line_break_holder] -->  <\/a><!-- [et_pb_line_break_holder] --><\/div>[\/et_pb_code][\/et_pb_column][\/et_pb_row][\/et_pb_section]","protected":false},"excerpt":{"rendered":"<p><span><span><a href=\"https:\/\/www.gobbetto.com\/\">Home<\/a><\/span><\/span>Gobbetto Dega Energy\u00ae Resina magneticaDescrizione Gobbetto Dega Energy\u00ae \u00e8 un prodotto bicomponente con propriet\u00e0 magnetiche, a base di resine e cariche metalliche, esente da scorie radioattive. Il colore di base \u00e8 grigio antracite. \u00c8 possibile colorarlo con pigmenti universali e acrilici. Utilizzabile sia per pavimenti che per rivestimenti. Se applicato a pavimenti con pannelli radianti, [&hellip;]<\/p>\n","protected":false},"author":3,"featured_media":0,"parent":1149,"menu_order":8,"comment_status":"closed","ping_status":"closed","template":"","meta":{"_et_pb_use_builder":"on","_et_pb_old_content":"","_et_gb_content_width":"","footnotes":""},"class_list":["post-3826","page","type-page","status-publish","hentry"],"yoast_head":"<!-- This site is optimized with the Yoast SEO plugin v25.0 - https:\/\/yoast.com\/wordpress\/plugins\/seo\/ -->\n<title>Dega Energy Gobbetto - Gobbetto<\/title>\n<meta name=\"robots\" content=\"index, follow, max-snippet:-1, max-image-preview:large, max-video-preview:-1\" \/>\n<link rel=\"canonical\" href=\"https:\/\/www.gobbetto.com\/superfici-prodotti\/dega-energy\/dega-energy-gobbetto\" \/>\n<meta property=\"og:locale\" content=\"it_IT\" \/>\n<meta property=\"og:type\" content=\"article\" \/>\n<meta property=\"og:title\" content=\"Dega Energy Gobbetto - Gobbetto\" \/>\n<meta property=\"og:description\" content=\"Gobbetto Dega Energy\u00ae Resina magneticaDescrizione Gobbetto Dega Energy\u00ae \u00e8 un prodotto bicomponente con propriet\u00e0 magnetiche, a base di resine e cariche metalliche, esente da scorie radioattive. Il colore di base \u00e8 grigio antracite. \u00c8 possibile colorarlo con pigmenti universali e acrilici. Utilizzabile sia per pavimenti che per rivestimenti. Se applicato a pavimenti con pannelli radianti, [&hellip;]\" \/>\n<meta property=\"og:url\" content=\"https:\/\/www.gobbetto.com\/superfici-prodotti\/dega-energy\/dega-energy-gobbetto\" \/>\n<meta property=\"og:site_name\" content=\"Gobbetto\" \/>\n<meta property=\"article:publisher\" content=\"https:\/\/www.facebook.com\/gobbettoresine\" \/>\n<meta property=\"article:modified_time\" content=\"2023-02-08T17:06:17+00:00\" \/>\n<meta property=\"og:image\" content=\"https:\/\/www.gobbetto.com\/wp-content\/uploads\/2023\/02\/foto-quadrotto-poliepo-501-special-scaled.jpg\" \/>\n\t<meta property=\"og:image:width\" content=\"2560\" \/>\n\t<meta property=\"og:image:height\" content=\"2545\" \/>\n\t<meta property=\"og:image:type\" content=\"image\/jpeg\" \/>\n<meta name=\"twitter:card\" content=\"summary_large_image\" \/>\n<meta name=\"twitter:label1\" content=\"Tempo di lettura stimato\" \/>\n\t<meta name=\"twitter:data1\" content=\"5 minuti\" \/>\n<script type=\"application\/ld+json\" class=\"yoast-schema-graph\">{\"@context\":\"https:\/\/schema.org\",\"@graph\":[{\"@type\":\"WebPage\",\"@id\":\"https:\/\/www.gobbetto.com\/superfici-prodotti\/dega-energy\/dega-energy-gobbetto\",\"url\":\"https:\/\/www.gobbetto.com\/superfici-prodotti\/dega-energy\/dega-energy-gobbetto\",\"name\":\"Dega Energy Gobbetto - Gobbetto\",\"isPartOf\":{\"@id\":\"https:\/\/www.gobbetto.com\/#website\"},\"datePublished\":\"2022-09-09T20:22:31+00:00\",\"dateModified\":\"2023-02-08T17:06:17+00:00\",\"breadcrumb\":{\"@id\":\"https:\/\/www.gobbetto.com\/superfici-prodotti\/dega-energy\/dega-energy-gobbetto#breadcrumb\"},\"inLanguage\":\"it-IT\",\"potentialAction\":[{\"@type\":\"ReadAction\",\"target\":[\"https:\/\/www.gobbetto.com\/superfici-prodotti\/dega-energy\/dega-energy-gobbetto\"]}]},{\"@type\":\"BreadcrumbList\",\"@id\":\"https:\/\/www.gobbetto.com\/superfici-prodotti\/dega-energy\/dega-energy-gobbetto#breadcrumb\",\"itemListElement\":[{\"@type\":\"ListItem\",\"position\":1,\"name\":\"Home\",\"item\":\"https:\/\/www.gobbetto.com\/\"},{\"@type\":\"ListItem\",\"position\":2,\"name\":\"Superfici | Prodotti\",\"item\":\"https:\/\/www.gobbetto.com\/superfici-prodotti\"},{\"@type\":\"ListItem\",\"position\":3,\"name\":\"Dega Energy\",\"item\":\"https:\/\/www.gobbetto.com\/superfici-prodotti\/dega-energy\"},{\"@type\":\"ListItem\",\"position\":4,\"name\":\"Dega Energy Gobbetto\"}]},{\"@type\":\"WebSite\",\"@id\":\"https:\/\/www.gobbetto.com\/#website\",\"url\":\"https:\/\/www.gobbetto.com\/\",\"name\":\"Gobbetto\",\"description\":\"Pavimenti e rivestimenti in resina\",\"publisher\":{\"@id\":\"https:\/\/www.gobbetto.com\/#organization\"},\"potentialAction\":[{\"@type\":\"SearchAction\",\"target\":{\"@type\":\"EntryPoint\",\"urlTemplate\":\"https:\/\/www.gobbetto.com\/?s={search_term_string}\"},\"query-input\":{\"@type\":\"PropertyValueSpecification\",\"valueRequired\":true,\"valueName\":\"search_term_string\"}}],\"inLanguage\":\"it-IT\"},{\"@type\":\"Organization\",\"@id\":\"https:\/\/www.gobbetto.com\/#organization\",\"name\":\"Gobbetto Srl\",\"url\":\"https:\/\/www.gobbetto.com\/\",\"logo\":{\"@type\":\"ImageObject\",\"inLanguage\":\"it-IT\",\"@id\":\"https:\/\/www.gobbetto.com\/#\/schema\/logo\/image\/\",\"url\":\"https:\/\/www.gobbetto.com\/wp-content\/uploads\/2023\/02\/cropped-favicon-gobbetto-cut.png\",\"contentUrl\":\"https:\/\/www.gobbetto.com\/wp-content\/uploads\/2023\/02\/cropped-favicon-gobbetto-cut.png\",\"width\":512,\"height\":512,\"caption\":\"Gobbetto Srl\"},\"image\":{\"@id\":\"https:\/\/www.gobbetto.com\/#\/schema\/logo\/image\/\"},\"sameAs\":[\"https:\/\/www.facebook.com\/gobbettoresine\",\"https:\/\/www.instagram.com\/gobbettoresine\/\",\"https:\/\/www.youtube.com\/user\/ResinaGobbetto\"]}]}<\/script>\n<!-- \/ Yoast SEO plugin. -->","yoast_head_json":{"title":"Dega Energy Gobbetto - Gobbetto","robots":{"index":"index","follow":"follow","max-snippet":"max-snippet:-1","max-image-preview":"max-image-preview:large","max-video-preview":"max-video-preview:-1"},"canonical":"https:\/\/www.gobbetto.com\/superfici-prodotti\/dega-energy\/dega-energy-gobbetto","og_locale":"it_IT","og_type":"article","og_title":"Dega Energy Gobbetto - Gobbetto","og_description":"Gobbetto Dega Energy\u00ae Resina magneticaDescrizione Gobbetto Dega Energy\u00ae \u00e8 un prodotto bicomponente con propriet\u00e0 magnetiche, a base di resine e cariche metalliche, esente da scorie radioattive. Il colore di base \u00e8 grigio antracite. \u00c8 possibile colorarlo con pigmenti universali e acrilici. Utilizzabile sia per pavimenti che per rivestimenti. Se applicato a pavimenti con pannelli radianti, [&hellip;]","og_url":"https:\/\/www.gobbetto.com\/superfici-prodotti\/dega-energy\/dega-energy-gobbetto","og_site_name":"Gobbetto","article_publisher":"https:\/\/www.facebook.com\/gobbettoresine","article_modified_time":"2023-02-08T17:06:17+00:00","og_image":[{"width":2560,"height":2545,"url":"https:\/\/www.gobbetto.com\/wp-content\/uploads\/2023\/02\/foto-quadrotto-poliepo-501-special-scaled.jpg","type":"image\/jpeg"}],"twitter_card":"summary_large_image","twitter_misc":{"Tempo di lettura stimato":"5 minuti"},"schema":{"@context":"https:\/\/schema.org","@graph":[{"@type":"WebPage","@id":"https:\/\/www.gobbetto.com\/superfici-prodotti\/dega-energy\/dega-energy-gobbetto","url":"https:\/\/www.gobbetto.com\/superfici-prodotti\/dega-energy\/dega-energy-gobbetto","name":"Dega Energy Gobbetto - Gobbetto","isPartOf":{"@id":"https:\/\/www.gobbetto.com\/#website"},"datePublished":"2022-09-09T20:22:31+00:00","dateModified":"2023-02-08T17:06:17+00:00","breadcrumb":{"@id":"https:\/\/www.gobbetto.com\/superfici-prodotti\/dega-energy\/dega-energy-gobbetto#breadcrumb"},"inLanguage":"it-IT","potentialAction":[{"@type":"ReadAction","target":["https:\/\/www.gobbetto.com\/superfici-prodotti\/dega-energy\/dega-energy-gobbetto"]}]},{"@type":"BreadcrumbList","@id":"https:\/\/www.gobbetto.com\/superfici-prodotti\/dega-energy\/dega-energy-gobbetto#breadcrumb","itemListElement":[{"@type":"ListItem","position":1,"name":"Home","item":"https:\/\/www.gobbetto.com\/"},{"@type":"ListItem","position":2,"name":"Superfici | Prodotti","item":"https:\/\/www.gobbetto.com\/superfici-prodotti"},{"@type":"ListItem","position":3,"name":"Dega Energy","item":"https:\/\/www.gobbetto.com\/superfici-prodotti\/dega-energy"},{"@type":"ListItem","position":4,"name":"Dega Energy Gobbetto"}]},{"@type":"WebSite","@id":"https:\/\/www.gobbetto.com\/#website","url":"https:\/\/www.gobbetto.com\/","name":"Gobbetto","description":"Pavimenti e rivestimenti in resina","publisher":{"@id":"https:\/\/www.gobbetto.com\/#organization"},"potentialAction":[{"@type":"SearchAction","target":{"@type":"EntryPoint","urlTemplate":"https:\/\/www.gobbetto.com\/?s={search_term_string}"},"query-input":{"@type":"PropertyValueSpecification","valueRequired":true,"valueName":"search_term_string"}}],"inLanguage":"it-IT"},{"@type":"Organization","@id":"https:\/\/www.gobbetto.com\/#organization","name":"Gobbetto Srl","url":"https:\/\/www.gobbetto.com\/","logo":{"@type":"ImageObject","inLanguage":"it-IT","@id":"https:\/\/www.gobbetto.com\/#\/schema\/logo\/image\/","url":"https:\/\/www.gobbetto.com\/wp-content\/uploads\/2023\/02\/cropped-favicon-gobbetto-cut.png","contentUrl":"https:\/\/www.gobbetto.com\/wp-content\/uploads\/2023\/02\/cropped-favicon-gobbetto-cut.png","width":512,"height":512,"caption":"Gobbetto Srl"},"image":{"@id":"https:\/\/www.gobbetto.com\/#\/schema\/logo\/image\/"},"sameAs":["https:\/\/www.facebook.com\/gobbettoresine","https:\/\/www.instagram.com\/gobbettoresine\/","https:\/\/www.youtube.com\/user\/ResinaGobbetto"]}]}},"_links":{"self":[{"href":"https:\/\/www.gobbetto.com\/index.php?rest_route=\/wp\/v2\/pages\/3826","targetHints":{"allow":["GET"]}}],"collection":[{"href":"https:\/\/www.gobbetto.com\/index.php?rest_route=\/wp\/v2\/pages"}],"about":[{"href":"https:\/\/www.gobbetto.com\/index.php?rest_route=\/wp\/v2\/types\/page"}],"author":[{"embeddable":true,"href":"https:\/\/www.gobbetto.com\/index.php?rest_route=\/wp\/v2\/users\/3"}],"replies":[{"embeddable":true,"href":"https:\/\/www.gobbetto.com\/index.php?rest_route=%2Fwp%2Fv2%2Fcomments&post=3826"}],"version-history":[{"count":12,"href":"https:\/\/www.gobbetto.com\/index.php?rest_route=\/wp\/v2\/pages\/3826\/revisions"}],"predecessor-version":[{"id":15575,"href":"https:\/\/www.gobbetto.com\/index.php?rest_route=\/wp\/v2\/pages\/3826\/revisions\/15575"}],"up":[{"embeddable":true,"href":"https:\/\/www.gobbetto.com\/index.php?rest_route=\/wp\/v2\/pages\/1149"}],"wp:attachment":[{"href":"https:\/\/www.gobbetto.com\/index.php?rest_route=%2Fwp%2Fv2%2Fmedia&parent=3826"}],"curies":[{"name":"wp","href":"https:\/\/api.w.org\/{rel}","templated":true}]}}